{"id":141,"date":"2026-01-30T16:42:03","date_gmt":"2026-01-30T16:42:03","guid":{"rendered":"https:\/\/chrysteljubien.fr\/?page_id=141"},"modified":"2026-03-10T14:56:44","modified_gmt":"2026-03-10T14:56:44","slug":"classe-danse-et-apres-55-min-2025","status":"publish","type":"page","link":"https:\/\/chrysteljubien.fr\/index.php\/classe-danse-et-apres-55-min-2025\/","title":{"rendered":"Classe Danse et apr\u00e8s"},"content":{"rendered":"\t\t<div data-elementor-type=\"wp-page\" data-elementor-id=\"141\" class=\"elementor elementor-141\">\n\t\t\t\t<div class=\"elementor-element elementor-element-1a58b23 e-flex e-con-boxed e-con e-parent\" data-id=\"1a58b23\" data-element_type=\"container\">\n\t\t\t\t\t<div class=\"e-con-inner\">\n\t\t\t\t<div class=\"elementor-element elementor-element-f88818e elementor-arrows-position-inside elementor-widget elementor-widget-image-carousel\" data-id=\"f88818e\" data-element_type=\"widget\" data-settings=\"{&quot;slides_to_show&quot;:&quot;1&quot;,&quot;navigation&quot;:&quot;arrows&quot;,&quot;autoplay&quot;:&quot;yes&quot;,&quot;pause_on_hover&quot;:&quot;yes&quot;,&quot;pause_on_interaction&quot;:&quot;yes&quot;,&quot;autoplay_speed&quot;:5000,&quot;infinite&quot;:&quot;yes&quot;,&quot;effect&quot;:&quot;slide&quot;,&quot;speed&quot;:500}\" data-widget_type=\"image-carousel.default\">\n\t\t\t\t\t\t\t<div class=\"elementor-image-carousel-wrapper swiper\" role=\"region\" aria-roledescription=\"carousel\" aria-label=\"Carrousel d\u2019images\" dir=\"ltr\">\n\t\t\t<div class=\"elementor-image-carousel swiper-wrapper\" aria-live=\"off\">\n\t\t\t\t\t\t\t\t<div class=\"swiper-slide\" role=\"group\" aria-roledescription=\"slide\" aria-label=\"1 sur 13\"><figure class=\"swiper-slide-inner\"><img decoding=\"async\" class=\"swiper-slide-image\" src=\"https:\/\/chrysteljubien.fr\/wp-content\/uploads\/2026\/01\/Studio-Vincent-1024x576.jpg\" alt=\"Studio Vincent\" \/><\/figure><\/div><div class=\"swiper-slide\" role=\"group\" aria-roledescription=\"slide\" aria-label=\"2 sur 13\"><figure class=\"swiper-slide-inner\"><img decoding=\"async\" class=\"swiper-slide-image\" src=\"https:\/\/chrysteljubien.fr\/wp-content\/uploads\/2026\/01\/Scene-Enzo-1024x576.jpg\" alt=\"Scene Enzo\" \/><\/figure><\/div><div class=\"swiper-slide\" role=\"group\" aria-roledescription=\"slide\" aria-label=\"3 sur 13\"><figure class=\"swiper-slide-inner\"><img decoding=\"async\" class=\"swiper-slide-image\" src=\"https:\/\/chrysteljubien.fr\/wp-content\/uploads\/2026\/01\/Plateau4-1024x576.jpg\" alt=\"Plateau4\" \/><\/figure><\/div><div class=\"swiper-slide\" role=\"group\" aria-roledescription=\"slide\" aria-label=\"4 sur 13\"><figure class=\"swiper-slide-inner\"><img decoding=\"async\" class=\"swiper-slide-image\" src=\"https:\/\/chrysteljubien.fr\/wp-content\/uploads\/2026\/01\/Plage-collectif-1024x576.jpg\" alt=\"Plage collectif\" \/><\/figure><\/div><div class=\"swiper-slide\" role=\"group\" aria-roledescription=\"slide\" aria-label=\"5 sur 13\"><figure class=\"swiper-slide-inner\"><img decoding=\"async\" class=\"swiper-slide-image\" src=\"https:\/\/chrysteljubien.fr\/wp-content\/uploads\/2026\/01\/Charly100-1024x576.jpg\" alt=\"Charly100\" \/><\/figure><\/div><div class=\"swiper-slide\" role=\"group\" aria-roledescription=\"slide\" aria-label=\"6 sur 13\"><figure class=\"swiper-slide-inner\"><img decoding=\"async\" class=\"swiper-slide-image\" src=\"https:\/\/chrysteljubien.fr\/wp-content\/uploads\/2026\/01\/Cercle-gymnase-1024x576.jpg\" alt=\"Cercle gymnase\" \/><\/figure><\/div><div class=\"swiper-slide\" role=\"group\" aria-roledescription=\"slide\" aria-label=\"7 sur 13\"><figure class=\"swiper-slide-inner\"><img decoding=\"async\" class=\"swiper-slide-image\" src=\"https:\/\/chrysteljubien.fr\/wp-content\/uploads\/2026\/01\/CollegeMM0-1024x576.jpg\" alt=\"CollegeMM0\" \/><\/figure><\/div><div class=\"swiper-slide\" role=\"group\" aria-roledescription=\"slide\" aria-label=\"8 sur 13\"><figure class=\"swiper-slide-inner\"><img decoding=\"async\" class=\"swiper-slide-image\" src=\"https:\/\/chrysteljubien.fr\/wp-content\/uploads\/2026\/01\/CollegeRR0-1024x576.jpg\" alt=\"CollegeRR0\" \/><\/figure><\/div><div class=\"swiper-slide\" role=\"group\" aria-roledescription=\"slide\" aria-label=\"9 sur 13\"><figure class=\"swiper-slide-inner\"><img decoding=\"async\" class=\"swiper-slide-image\" src=\"https:\/\/chrysteljubien.fr\/wp-content\/uploads\/2026\/01\/En-classe-Yves-1024x576.jpg\" alt=\"En classe Yves\" \/><\/figure><\/div><div class=\"swiper-slide\" role=\"group\" aria-roledescription=\"slide\" aria-label=\"10 sur 13\"><figure class=\"swiper-slide-inner\"><img decoding=\"async\" class=\"swiper-slide-image\" src=\"https:\/\/chrysteljubien.fr\/wp-content\/uploads\/2026\/01\/Entretien-Aminata-Elodie-1024x576.jpg\" alt=\"Entretien Aminata Elodie\" \/><\/figure><\/div><div class=\"swiper-slide\" role=\"group\" aria-roledescription=\"slide\" aria-label=\"11 sur 13\"><figure class=\"swiper-slide-inner\"><img decoding=\"async\" class=\"swiper-slide-image\" src=\"https:\/\/chrysteljubien.fr\/wp-content\/uploads\/2026\/01\/Gymnase-Anita-Guillaume-1024x576.jpg\" alt=\"Gymnase Anita Guillaume\" \/><\/figure><\/div><div class=\"swiper-slide\" role=\"group\" aria-roledescription=\"slide\" aria-label=\"12 sur 13\"><figure class=\"swiper-slide-inner\"><img decoding=\"async\" class=\"swiper-slide-image\" src=\"https:\/\/chrysteljubien.fr\/wp-content\/uploads\/2026\/01\/Gymnase-Laura-Oscar-1024x576.jpg\" alt=\"Gymnase Laura Oscar\" \/><\/figure><\/div><div class=\"swiper-slide\" role=\"group\" aria-roledescription=\"slide\" aria-label=\"13 sur 13\"><figure class=\"swiper-slide-inner\"><img decoding=\"async\" class=\"swiper-slide-image\" src=\"https:\/\/chrysteljubien.fr\/wp-content\/uploads\/2026\/01\/Affiche-Classe-Danse.jpg\" alt=\"Affiche Classe Danse\" \/><\/figure><\/div>\t\t\t<\/div>\n\t\t\t\t\t\t\t\t\t\t\t\t<div class=\"elementor-swiper-button elementor-swiper-button-prev\" role=\"button\" tabindex=\"0\">\n\t\t\t\t\t\t<svg aria-hidden=\"true\" class=\"e-font-icon-svg e-eicon-chevron-left\" viewBox=\"0 0 1000 1000\" xmlns=\"http:\/\/www.w3.org\/2000\/svg\"><path d=\"M646 125C629 125 613 133 604 142L308 442C296 454 292 471 292 487 292 504 296 521 308 533L604 854C617 867 629 875 646 875 663 875 679 871 692 858 704 846 713 829 713 812 713 796 708 779 692 767L438 487 692 225C700 217 708 204 708 187 708 171 704 154 692 142 675 129 663 125 646 125Z\"><\/path><\/svg>\t\t\t\t\t<\/div>\n\t\t\t\t\t<div class=\"elementor-swiper-button elementor-swiper-button-next\" role=\"button\" tabindex=\"0\">\n\t\t\t\t\t\t<svg aria-hidden=\"true\" class=\"e-font-icon-svg e-eicon-chevron-right\" viewBox=\"0 0 1000 1000\" xmlns=\"http:\/\/www.w3.org\/2000\/svg\"><path d=\"M696 533C708 521 713 504 713 487 713 471 708 454 696 446L400 146C388 133 375 125 354 125 338 125 325 129 313 142 300 154 292 171 292 187 292 204 296 221 308 233L563 492 304 771C292 783 288 800 288 817 288 833 296 850 308 863 321 871 338 875 354 875 371 875 388 867 400 854L696 533Z\"><\/path><\/svg>\t\t\t\t\t<\/div>\n\t\t\t\t\n\t\t\t\t\t\t\t\t\t<\/div>\n\t\t\t\t\t\t<\/div>\n\t\t\t\t\t<\/div>\n\t\t\t\t<\/div>\n\t\t<div class=\"elementor-element elementor-element-06f838c e-flex e-con-boxed e-con e-parent\" data-id=\"06f838c\" data-element_type=\"container\">\n\t\t\t\t\t<div class=\"e-con-inner\">\n\t\t\t\t<div class=\"elementor-element elementor-element-7b7b6cc elementor-widget elementor-widget-image\" data-id=\"7b7b6cc\" data-element_type=\"widget\" data-widget_type=\"image.default\">\n\t\t\t\t\t\t\t\t\t\t\t\t\t\t\t\t<a href=\"https:\/\/vimeo.com\/1168831053\">\n\t\t\t\t\t\t\t<img fetchpriority=\"high\" decoding=\"async\" width=\"1024\" height=\"570\" src=\"https:\/\/chrysteljubien.fr\/wp-content\/uploads\/2026\/03\/TeaserClasseDanse-1024x570.jpg\" class=\"attachment-large size-large wp-image-548\" alt=\"\" srcset=\"https:\/\/chrysteljubien.fr\/wp-content\/uploads\/2026\/03\/TeaserClasseDanse-1024x570.jpg 1024w, https:\/\/chrysteljubien.fr\/wp-content\/uploads\/2026\/03\/TeaserClasseDanse-300x167.jpg 300w, https:\/\/chrysteljubien.fr\/wp-content\/uploads\/2026\/03\/TeaserClasseDanse-768x427.jpg 768w, https:\/\/chrysteljubien.fr\/wp-content\/uploads\/2026\/03\/TeaserClasseDanse.jpg 1416w\" sizes=\"(max-width: 1024px) 100vw, 1024px\" \/>\t\t\t\t\t\t\t\t<\/a>\n\t\t\t\t\t\t\t\t\t\t\t\t\t\t\t<\/div>\n\t\t\t\t\t<\/div>\n\t\t\t\t<\/div>\n\t\t<div class=\"elementor-element elementor-element-d869507 e-flex e-con-boxed e-con e-parent\" data-id=\"d869507\" data-element_type=\"container\">\n\t\t\t\t\t<div class=\"e-con-inner\">\n\t\t<div class=\"elementor-element elementor-element-6696c62 e-grid e-con-full e-con e-child\" data-id=\"6696c62\" data-element_type=\"container\">\n\t\t\t\t<div class=\"elementor-element elementor-element-4206b87 elementor-widget elementor-widget-text-editor\" data-id=\"4206b87\" data-element_type=\"widget\" data-widget_type=\"text-editor.default\">\n\t\t\t\t\t\t\t\t\t<p>Film documentaire, 55 minutes, 2025<\/p><p>R\u00e9alis\u00e9 par Chrystel Jubien<br \/>Ecrit par Chrystel Jubien et Laura Soudy-Quazuguel<\/p><p>Dans la Classe Danse, des \u00e9l\u00e8ves de 3\u00e8me embarquent le temps d&rsquo;une ann\u00e9e scolaire pour un projet danse avec leurs enseignant.es et un ou une artiste. A Bouguenais pr\u00e8s de Nantes, Enzo, Blanche, Charly, Tania, Ethane et leurs camarades passent de la salle de classe au plateau o\u00f9 ils et elles d\u00e9couvrent la danse avec le danseur Vincent Blanc, en m\u00eame temps que leur prof d&rsquo;EPS, d&rsquo;histoire-g\u00e9o ou de maths. Laura Soudy-Quazuguel, qui a cr\u00e9\u00e9 ce projet en 2010 \u00e0 Clichy-sous-Bois, part \u00e0 la recherche des traces laiss\u00e9es par cette exp\u00e9rience au creux de l&rsquo;adolescence. Elle retrouve Baris, Nathan, Christopher, Elodie et Aminata, jeunes adultes, qui t\u00e9moignent de ce qu&rsquo;ils et elles ont v\u00e9cu dix ans auparavant. Les corps se lib\u00e8rent, la confiance pointe, une autre relation se tisse entre les \u00e9l\u00e8ves et avec les enseignant.es. Peu \u00e0 peu quelque chose change. Les coll\u00e9gien.nes de Bouguenais le d\u00e9couvrent ; les ancien.nes \u00e9l\u00e8ves de Clichy-sous-Bois s&rsquo;en souviennent encore.<\/p>\t\t\t\t\t\t\t\t<\/div>\n\t\t\t\t<div class=\"elementor-element elementor-element-d8b1811 elementor-widget elementor-widget-image\" data-id=\"d8b1811\" data-element_type=\"widget\" data-widget_type=\"image.default\">\n\t\t\t\t\t\t\t\t\t\t\t\t\t\t\t<img decoding=\"async\" width=\"212\" height=\"300\" src=\"https:\/\/chrysteljubien.fr\/wp-content\/uploads\/2026\/01\/Affichemai2025-212x300.jpg\" class=\"attachment-medium size-medium wp-image-143\" alt=\"\" srcset=\"https:\/\/chrysteljubien.fr\/wp-content\/uploads\/2026\/01\/Affichemai2025-212x300.jpg 212w, https:\/\/chrysteljubien.fr\/wp-content\/uploads\/2026\/01\/Affichemai2025-722x1024.jpg 722w, https:\/\/chrysteljubien.fr\/wp-content\/uploads\/2026\/01\/Affichemai2025-768x1089.jpg 768w, https:\/\/chrysteljubien.fr\/wp-content\/uploads\/2026\/01\/Affichemai2025-1083x1536.jpg 1083w, https:\/\/chrysteljubien.fr\/wp-content\/uploads\/2026\/01\/Affichemai2025.jpg 1410w\" sizes=\"(max-width: 212px) 100vw, 212px\" \/>\t\t\t\t\t\t\t\t\t\t\t\t\t\t\t<\/div>\n\t\t\t\t<\/div>\n\t\t\t\t\t<\/div>\n\t\t\t\t<\/div>\n\t\t<div class=\"elementor-element elementor-element-b3c7012 e-flex e-con-boxed e-con e-parent\" data-id=\"b3c7012\" data-element_type=\"container\">\n\t\t\t\t\t<div class=\"e-con-inner\">\n\t\t\t\t<div class=\"elementor-element elementor-element-72f69be elementor-widget elementor-widget-text-editor\" data-id=\"72f69be\" data-element_type=\"widget\" data-widget_type=\"text-editor.default\">\n\t\t\t\t\t\t\t\t\t<p><strong>Un film sur la danse \u00e0 l&rsquo;\u00e9cole<\/strong><\/p><p>Tout en diachronie, le film retrace une exp\u00e9rience o\u00f9 le corps, \u00e0 travers le geste dans\u00e9, est au centre des apprentissages. Un collectif se forme au c\u0153ur des ateliers de pratique. Professeur.es, \u00e9l\u00e8ves, artistes, chacun.e exp\u00e9rimente un nouveau rapport \u00e0 l&rsquo;autre et \u00e0 l&rsquo;\u00e9cole. Si l\u2019enjeu du film est de voir ce qui est bouscul\u00e9 pour les \u00e9l\u00e8ves et les enseignant.es dans le milieu scolaire, c\u2019est bien la coop\u00e9ration \u00e9l\u00e8ves, enseignant.es et artiste qui est \u00e0 l\u2019oeuvre.<br \/>Comme le dit dans le film Dominique Dupuy, chor\u00e9graphe qui a beaucoup oeuvr\u00e9 avec son \u00e9pouse Fran\u00e7oise Dupuy pour la pratique de la danse \u00e0 l&rsquo;\u00e9cole, et qui a particip\u00e9 \u00e0 une Classe Danse \u00e0 Clichy-sous-Bois en 2014, il s&rsquo;agit avant tout \u00ab d&rsquo;\u00e9veiller l&rsquo;esprit \u00bb de celui ou celle qui danse.<br \/>Le r\u00e9sultat est l\u00e0 sous nos yeux : les corps se d\u00e9lient et les regards changent. Regard des autres, qui fait moins peur, et image de soi transform\u00e9e. A Bouguenais, Charly raconte qu\u2019apr\u00e8s une grande appr\u00e9hension au d\u00e9but de l&rsquo;ann\u00e9e, alors qu\u2019il pensait se conna\u00eetre par c\u0153ur, il a \u00ab appris \u00e0 mieux se conna\u00eetre \u00bb.<\/p>\t\t\t\t\t\t\t\t<\/div>\n\t\t\t\t\t<\/div>\n\t\t\t\t<\/div>\n\t\t<div class=\"elementor-element elementor-element-404bc61 e-flex e-con-boxed e-con e-parent\" data-id=\"404bc61\" data-element_type=\"container\">\n\t\t\t\t\t<div class=\"e-con-inner\">\n\t\t\t\t<div class=\"elementor-element elementor-element-b42862a elementor-widget elementor-widget-text-editor\" data-id=\"b42862a\" data-element_type=\"widget\" data-widget_type=\"text-editor.default\">\n\t\t\t\t\t\t\t\t\t<p><a href=\"https:\/\/www.festivalfilmpositif.org\/\">Programm\u00e9 au Festival du Film <\/a><a href=\"https:\/\/www.festivalfilmpositif.org\/\">Positif le 21 f\u00e9vrier (15h) \u00e0 Gennes Val de Loire.<\/a><\/p>\t\t\t\t\t\t\t\t<\/div>\n\t\t\t\t\t<\/div>\n\t\t\t\t<\/div>\n\t\t\t\t<\/div>\n\t\t","protected":false},"excerpt":{"rendered":"<p>Film documentaire, 55 minutes, 2025 R\u00e9alis\u00e9 par Chrystel JubienEcrit par Chrystel Jubien et Laura Soudy-Quazuguel Dans la Classe Danse, des [&hellip;]<\/p>\n","protected":false},"author":1,"featured_media":0,"parent":0,"menu_order":0,"comment_status":"closed","ping_status":"closed","template":"","meta":{"site-sidebar-layout":"no-sidebar","site-content-layout":"","ast-site-content-layout":"full-width-container","site-content-style":"default","site-sidebar-style":"default","ast-global-header-display":"","ast-banner-title-visibility":"","ast-main-header-display":"","ast-hfb-above-header-display":"","ast-hfb-below-header-display":"","ast-hfb-mobile-header-display":"","site-post-title":"","ast-breadcrumbs-content":"","ast-featured-img":"disabled","footer-sml-layout":"","ast-disable-related-posts":"","theme-transparent-header-meta":"","adv-header-id-meta":"","stick-header-meta":"","header-above-stick-meta":"","header-main-stick-meta":"","header-below-stick-meta":"","astra-migrate-meta-layouts":"default","ast-page-background-enabled":"default","ast-page-background-meta":{"desktop":{"background-color":"var(--ast-global-color-5)","background-image":"","background-repeat":"repeat","background-position":"center center","background-size":"auto","background-attachment":"scroll","background-type":"","background-media":"","overlay-type":"","overlay-color":"","overlay-opacity":"","overlay-gradient":""},"tablet":{"background-color":"","background-image":"","background-repeat":"repeat","background-position":"center center","background-size":"auto","background-attachment":"scroll","background-type":"","background-media":"","overlay-type":"","overlay-color":"","overlay-opacity":"","overlay-gradient":""},"mobile":{"background-color":"","background-image":"","background-repeat":"repeat","background-position":"center center","background-size":"auto","background-attachment":"scroll","background-type":"","background-media":"","overlay-type":"","overlay-color":"","overlay-opacity":"","overlay-gradient":""}},"ast-content-background-meta":{"desktop":{"background-color":"var(--ast-global-color-4)","background-image":"","background-repeat":"repeat","background-position":"center center","background-size":"auto","background-attachment":"scroll","background-type":"","background-media":"","overlay-type":"","overlay-color":"","overlay-opacity":"","overlay-gradient":""},"tablet":{"background-color":"var(--ast-global-color-4)","background-image":"","background-repeat":"repeat","background-position":"center center","background-size":"auto","background-attachment":"scroll","background-type":"","background-media":"","overlay-type":"","overlay-color":"","overlay-opacity":"","overlay-gradient":""},"mobile":{"background-color":"var(--ast-global-color-4)","background-image":"","background-repeat":"repeat","background-position":"center center","background-size":"auto","background-attachment":"scroll","background-type":"","background-media":"","overlay-type":"","overlay-color":"","overlay-opacity":"","overlay-gradient":""}},"footnotes":""},"class_list":["post-141","page","type-page","status-publish","hentry"],"_links":{"self":[{"href":"https:\/\/chrysteljubien.fr\/index.php\/wp-json\/wp\/v2\/pages\/141","targetHints":{"allow":["GET"]}}],"collection":[{"href":"https:\/\/chrysteljubien.fr\/index.php\/wp-json\/wp\/v2\/pages"}],"about":[{"href":"https:\/\/chrysteljubien.fr\/index.php\/wp-json\/wp\/v2\/types\/page"}],"author":[{"embeddable":true,"href":"https:\/\/chrysteljubien.fr\/index.php\/wp-json\/wp\/v2\/users\/1"}],"replies":[{"embeddable":true,"href":"https:\/\/chrysteljubien.fr\/index.php\/wp-json\/wp\/v2\/comments?post=141"}],"version-history":[{"count":27,"href":"https:\/\/chrysteljubien.fr\/index.php\/wp-json\/wp\/v2\/pages\/141\/revisions"}],"predecessor-version":[{"id":554,"href":"https:\/\/chrysteljubien.fr\/index.php\/wp-json\/wp\/v2\/pages\/141\/revisions\/554"}],"wp:attachment":[{"href":"https:\/\/chrysteljubien.fr\/index.php\/wp-json\/wp\/v2\/media?parent=141"}],"curies":[{"name":"wp","href":"https:\/\/api.w.org\/{rel}","templated":true}]}}